{"id":7960,"date":"2022-11-13T18:48:06","date_gmt":"2022-11-13T23:48:06","guid":{"rendered":"https:\/\/tangoquebec.org\/?page_id=7960"},"modified":"2026-03-19T17:38:00","modified_gmt":"2026-03-19T21:38:00","slug":"decouvrir","status":"publish","type":"page","link":"https:\/\/tangoquebec.org\/index.php\/decouvrir\/","title":{"rendered":"D\u00e9couvrir"},"content":{"rendered":"<h2 id=\"promotion\">Programme de promotion<\/h2>\n<p>Le <b><i>Programme <\/i><\/b><b><i>de promotion<\/i><\/b><b>\u00a0<\/b>du tango dans la r\u00e9gion de Qu\u00e9bec a \u00e9t\u00e9 con\u00e7u de fa\u00e7on \u00e0 r\u00e9pondre aux\u00a0 nouveaux amateurs de cette danse par des initiations structur\u00e9es et des incitatifs pour s\u2019inscrire \u00e0 des cours de nos partenaires puis participer aux soir\u00e9es de milonga organis\u00e9es fr\u00e9quemment.<\/p>\n<p><em><strong>Tango Qu\u00e9bec<\/strong><\/em> peut offrir des activit\u00e9s de d\u00e9couverte telles que :<\/p>\n<ul>\n<li>Conf\u00e9rences de d\u00e9couverte du tango;<\/li>\n<li>Initiations gratuites de groupe;<\/li>\n<li>D\u00e9monstrations, \u00e9v\u00e9nements priv\u00e9s, f\u00eates de quartier, etc.<\/li>\n<\/ul>\n<p>Il est \u00e0 noter que les incitatifs financiers d\u00e9crits dans ce programme, peuvent \u00eatre modifi\u00e9s par le conseil d&rsquo;administration selon la situation financi\u00e8re de <em><strong>Tango Qu\u00e9bec.<\/strong><\/em><\/p>\n<p id=\"initiation\">En voici la <strong><a href=\"https:\/\/tangoquebec.org\/wp-content\/uploads\/2023\/10\/Programme-de-promotion-Vf-2023.pdf\" target=\"_blank\" rel=\"noopener\">description d\u00e9taill\u00e9e.<\/a><\/strong><\/p>\n<p>Faire une demande de s\u00e9ance d&rsquo;information ou pour b\u00e9n\u00e9ficier d&rsquo;une initiation gratuite au tango, nous en faire la demande en nous \u00e9crivant \u00e0<strong> : <a href=\"mailto:information@tangoquebec.org?subject=Demande%20d'information\" target=\"_top\" rel=\"noopener\">information@tangoquebec.org<\/a>.<\/strong><\/p>\n<h2 id=\"bienfaits\">Les bienfaits de la pratique du tango<\/h2>\n<p><span data-olk-copy-source=\"MessageBody\">Le tango, qui se danse entre deux personnes, et ses styles de musique propres offrent de nombreux bienfaits pour le corps et l\u2019esprit. Ils am\u00e9liorent ensemble l\u2019\u00e9quilibre, la coordination, la posture et la souplesse, tout en renfor\u00e7ant le syst\u00e8me cardiovasculaire. La connexion et l&rsquo;improvisation entre les partenaires du couple dansant transforment leur sensualit\u00e9 en \u00e9l\u00e9gance. Sur le plan mental et social, il stimule la concentration, r\u00e9duit le stress, favorise la m\u00e9moire et rehausse le lien social,\u00a0y compris chez les personnes \u00e2g\u00e9es. La pratique r\u00e9guli\u00e8re du tango est reconnue par la science comme une th\u00e9rapie efficace contre certains probl\u00e8mes psychologiques et des maladies neurologiques.<\/span><\/p>\n<h2 id=\"capsules\">Capsules D\u00e9couvertes<\/h2>\n<p>Des capsules D\u00e9couvertes disponibles pour visionnement.<\/p>\n<ul>\n<li id=\"histoire\"><strong><a href=\"https:\/\/tangoquebec.org\/wp-content\/uploads\/2023\/01\/ethique_au_tango_argentin.pdf\">Codes et usage<\/a> ou l&rsquo;\u00c9thique au tango<\/strong><\/li>\n<li><a href=\"https:\/\/m.facebook.com\/story.php?story_fbid=pfbid029zPCPppqMyRruv1JWo1BPdRY9AhEHjG7SUfbsyyYL5cexfS1XxaNeGY1fytPMxsWl&amp;id=103509686349422&amp;mibextid=qC1gEa\"><b>Les origines du tango (lien Facebook)<\/b><\/a><\/li>\n<\/ul>\n<h2 id=\"ressources\">Ressources<\/h2>\n<p>Quelques ressources int\u00e9ressantes pour les amateurs de tango.<\/p>\n<h2 id=\"ressources\">Ressources musicales<\/h2>\n<ul>\n<li><a href=\"http:\/\/www.argentinetangoradio.com\/\" target=\"_blank\" rel=\"noopener\">Argentine Tango Radio Budapest<\/a><\/li>\n<li><a href=\"http:\/\/tango-velours.fr\/Radio\/\" target=\"_blank\" rel=\"noopener\">Radio Tango_velours<\/a><\/li>\n<li><a href=\"http:\/\/radiotango.uno\/\" target=\"_blank\" rel=\"noopener\">Radio Tango Uno<\/a><\/li>\n<li><a href=\"http:\/\/www.tangofm.com\/\" target=\"_blank\" rel=\"noopener\">Tango FM<\/a><\/li>\n<li><a href=\"http:\/\/laut.fm\/tango-nuevo\" target=\"_blank\" rel=\"noopener\">Tango Nuevo<\/a><\/li>\n<li><a href=\"http:\/\/laut.fm\/tangoparabailar\" target=\"_blank\" rel=\"noopener\">Tango Para Bailar<\/a><\/li>\n<li><a href=\"https:\/\/www.radios-argentinas.org\/la-2x4\">Radio 2&#215;4 BsAs<\/a><\/li>\n<\/ul>\n<h2 id=\"ressources\">Ressources lectures<\/h2>\n<ul>\n<li><a href=\"https:\/\/andreashepherd.ca\/25leconsdetango\">25 le\u00e7ons de tango (Andr\u00e9a Sherperd)<\/a><\/li>\n<li><a href=\"https:\/\/www.seuil.com\/ouvrage\/dictionnaire-passionne-du-tango-jean-louis-mingalon\/9782021099683\">Le dictionnaire passionn\u00e9 du tango<\/a><\/li>\n<li><a href=\"https:\/\/tangoquebec.org\/wp-content\/uploads\/2025\/10\/02_2000_02_MediaLuna.pdf\">Media Luna Vol 1 No 2 &#8211; F\u00e9vrier 2000\u00a0<\/a><\/li>\n<li><a href=\"https:\/\/tangoquebec.org\/wp-content\/uploads\/2025\/11\/07_2002-02_MediaLuna.pdf\">Media Luna &#8211; Num\u00e9ro 7 &#8211; F\u00e9vrier 2002<\/a><\/li>\n<li><a href=\"https:\/\/tangoquebec.org\/wp-content\/uploads\/2025\/11\/08_2002-08_MediaLuna.pdf\">Media Luna &#8211; Num\u00e9ro 8 &#8211; Ao\u00fbt 2002<\/a><\/li>\n<li><a href=\"https:\/\/tangoquebec.org\/wp-content\/uploads\/2025\/10\/10_2003-12_MediaLuna.pdf\">Media Luna &#8211; Num\u00e9ro 9 &#8211; F\u00e9vrier 2003<\/a><\/li>\n<li><a href=\"https:\/\/tangoquebec.org\/wp-content\/uploads\/2025\/10\/10_2003-12_MediaLuna.pdf\">Media Luna &#8211; Num\u00e9ro 10 &#8211; D\u00e9cembre 2003<\/a><\/li>\n<li><a href=\"https:\/\/tangoquebec.org\/wp-content\/uploads\/2025\/11\/11_2004-05_MediaLuna.pdf\">Media Luna &#8211; Num\u00e9ro 11 &#8211; Mai 2004<\/a><\/li>\n<li><a href=\"https:\/\/tangoquebec.org\/wp-content\/uploads\/2025\/11\/12_2004-11_MediaLuna.pdf\">Media Luna &#8211; Num\u00e9ro 12 &#8211; Novembre 2004<\/a><\/li>\n<li><a href=\"https:\/\/tangoquebec.org\/wp-content\/uploads\/2025\/11\/13_2006-02_MediaLuna.pdf\">Media Luna &#8211; Num\u00e9ro 13 &#8211; F\u00e9vrier 2006<\/a><\/li>\n<li><a href=\"https:\/\/tangoquebec.org\/wp-content\/uploads\/2025\/11\/15_2006-10_Media-Luna.pdf\">Media Luna &#8211; Num\u00e9ro 15 &#8211; Octobre 2006<\/a><\/li>\n<li><a href=\"https:\/\/tangoquebec.org\/wp-content\/uploads\/2025\/11\/16_2007-02_MediaLuna.pdf\">Media Luna &#8211; Num\u00e9ro 16 &#8211; F\u00e9vrier 2007 <\/a><\/li>\n<li><a href=\"https:\/\/tangoquebec.org\/wp-content\/uploads\/2025\/11\/17_2007-05_MediaLuna.pdf\">Media Luna &#8211; Num\u00e9ro 17 &#8211; Mai 2007<\/a><\/li>\n<li><a href=\"https:\/\/tangoquebec.org\/wp-content\/uploads\/2025\/11\/18_2007-10_MediaLuna.pdf\">Media Luna &#8211; Num\u00e9ro 18 &#8211; Octobre 2007\u00a0<\/a><\/li>\n<li><a href=\"https:\/\/tangoquebec.org\/wp-content\/uploads\/2025\/11\/19_2008-02_MediaLuna.pdf\">Media Luna &#8211; Num\u00e9ro 19 &#8211; F\u00e9vrier 2008<\/a><\/li>\n<li><a href=\"https:\/\/tangoquebec.org\/wp-content\/uploads\/2025\/11\/20_2008-05_MediaLuna.pdf\">Media Luna &#8211; Num\u00e9ro 20 &#8211; Mai 2008\u00a0<\/a><\/li>\n<li><a href=\"https:\/\/tangoquebec.org\/wp-content\/uploads\/2025\/11\/21_2008-10_MediaLuna.pdf\">Media Luna &#8211; Num\u00e9ro 21 &#8211; Octobre 2008 <\/a><\/li>\n<li><a href=\"http:\/\/Media Luna - Num\u00e9ro 22 - F\u00e9vrier 2009\" data-wplink-url-error=\"true\">Media Luna &#8211; Num\u00e9ro 22 &#8211; F\u00e9vrier 2009<\/a><\/li>\n<li><a href=\"https:\/\/tangoquebec.org\/wp-content\/uploads\/2025\/11\/23_2009-10_MediaLuna.pdf\">Media Luna &#8211; Num\u00e9ro 23 &#8211; Octobre 2009<\/a>\n<ul>\n<li style=\"list-style-type: none;\">\n<ul>\n<li style=\"list-style-type: none;\"><\/li>\n<\/ul>\n<\/li>\n<\/ul>\n<\/li>\n<\/ul>\n<h2>Sites et blogs d&rsquo;int\u00e9r\u00eat<\/h2>\n<ul>\n<li><a href=\"https:\/\/andreastangosite.com\/\" target=\"_blank\" rel=\"noopener\">Andrea&rsquo;s Tango Blog<\/a><\/li>\n<li><a href=\"https:\/\/www.todotango.com\/\">Todo tango<\/a><\/li>\n<li><a href=\"http:\/\/lespasparfaits.blogspot.ca\/\" target=\"_blank\" rel=\"noopener\">Les Pas Parfait<\/a><\/li>\n<\/ul>\n<h2>Autres calendriers de milongas<\/h2>\n<ul>\n<li><a href=\"http:\/\/www.tangoexpress.org\/en\/\" target=\"_blank\" rel=\"noopener\">Tango Express<\/a><\/li>\n<li><a href=\"https:\/\/www.hoy-milonga.com\/buenos-aires\/fr\/\" target=\"_blank\" rel=\"noopener\">Hoy Milonga<\/a><\/li>\n<\/ul>\n<p>Si vous connaissez un site, un blog, une radio Internet ou une adresse utile qui pourrait int\u00e9resser les amateurs de tango, <a href=\"information@tangoquebec.org\">contactez-nous<\/a> et faites-le-nous savoir!<\/p>\n","protected":false},"excerpt":{"rendered":"<p>Programme de promotion Le Programme de promotion\u00a0du tango dans la r\u00e9gion de Qu\u00e9bec a \u00e9t\u00e9 con\u00e7u de fa\u00e7on \u00e0 r\u00e9pondre aux\u00a0 nouveaux amateurs de cette danse par des initiations structur\u00e9es et des incitatifs pour s\u2019inscrire \u00e0 des cours de nos partenaires puis participer aux soir\u00e9es de milonga organis\u00e9es fr\u00e9quemment. Tango Qu\u00e9bec peut offrir des activit\u00e9s\u2026<\/p>\n","protected":false},"author":1,"featured_media":0,"parent":0,"menu_order":0,"comment_status":"closed","ping_status":"closed","template":"page-templates\/full-width.php","meta":{"footnotes":""},"class_list":["post-7960","page","type-page","status-publish","hentry"],"_links":{"self":[{"href":"https:\/\/tangoquebec.org\/index.php\/wp-json\/wp\/v2\/pages\/7960","targetHints":{"allow":["GET"]}}],"collection":[{"href":"https:\/\/tangoquebec.org\/index.php\/wp-json\/wp\/v2\/pages"}],"about":[{"href":"https:\/\/tangoquebec.org\/index.php\/wp-json\/wp\/v2\/types\/page"}],"author":[{"embeddable":true,"href":"https:\/\/tangoquebec.org\/index.php\/wp-json\/wp\/v2\/users\/1"}],"replies":[{"embeddable":true,"href":"https:\/\/tangoquebec.org\/index.php\/wp-json\/wp\/v2\/comments?post=7960"}],"version-history":[{"count":44,"href":"https:\/\/tangoquebec.org\/index.php\/wp-json\/wp\/v2\/pages\/7960\/revisions"}],"predecessor-version":[{"id":11719,"href":"https:\/\/tangoquebec.org\/index.php\/wp-json\/wp\/v2\/pages\/7960\/revisions\/11719"}],"wp:attachment":[{"href":"https:\/\/tangoquebec.org\/index.php\/wp-json\/wp\/v2\/media?parent=7960"}],"curies":[{"name":"wp","href":"https:\/\/api.w.org\/{rel}","templated":true}]}}