{"id":7956,"date":"2022-11-13T18:47:39","date_gmt":"2022-11-13T23:47:39","guid":{"rendered":"https:\/\/tangoquebec.org\/?page_id=7956"},"modified":"2026-03-12T14:46:59","modified_gmt":"2026-03-12T18:46:59","slug":"membres","status":"publish","type":"page","link":"https:\/\/tangoquebec.org\/index.php\/membres\/","title":{"rendered":"Membres"},"content":{"rendered":"<h2 id=\"avantages\"><strong>Pourquoi devenir membre de <em>Tango Qu\u00e9bec<\/em><\/strong><\/h2>\n<p>\u00catre membre de<strong><em> Tango Qu\u00e9bec<\/em><\/strong>, d\u2019abord et avant tout, c\u2019est s\u2019accorder les moyens de poursuivre la mission premi\u00e8re de l\u2019association, soit la promotion et le d\u00e9veloppement du\u00a0 tango dans la r\u00e9gion de Qu\u00e9bec. Aussi, concr\u00e8tement :<\/p>\n<p><strong>\u00catre membre de <em>Tango Qu\u00e9bec<\/em>, c<\/strong><strong>\u2019est obtenir certains avantages, comme<\/strong><strong>:<\/strong><\/p>\n<ul>\n<li>Acc\u00e9der en saison estivale \u00e0 des activit\u00e9s de tango gratuites \u00e0 l\u2019ext\u00e9rieur et en public.<\/li>\n<li>Obtenir des rabais sur des activit\u00e9s organis\u00e9es par <em><strong>Tango Qu\u00e9bec<\/strong> <\/em>ou par l&rsquo;un de ses partenaires;<\/li>\n<li>Participer \u00e0 des spectacles, des d\u00e9monstrations ou des performances de tango.<\/li>\n<li>Danser souvent avec une vari\u00e9t\u00e9 de partenaires et d\u2019occasions diversifi\u00e9es.<\/li>\n<li>Avoir l\u2019occasion de participer aux d\u00e9bats et d\u2019influencer les orientations futures lors de l\u2019Assembl\u00e9e g\u00e9n\u00e9rale annuelle.<\/li>\n<li>Pouvoir \u00eatre \u00e9lu au conseil d\u2019administration de <strong><em>Tango Qu\u00e9bec<\/em><\/strong> ou de faire partie d&rsquo;un comit\u00e9 sp\u00e9cial pour mener une activit\u00e9 originale.<\/li>\n<li>Gagner par tirage un billet d\u2019entr\u00e9e \u00e0 des ateliers, des cours, des milongas, des spectacles ou des \u00e9v\u00e8nements.<\/li>\n<\/ul>\n<p><strong>\u00catre<\/strong><strong> membre de <em>Tango Qu\u00e9bec<\/em>, cela permet \u00e0 notre association de\u00a0:<\/strong><\/p>\n<ul>\n<li>D\u00e9velopper, maintenir et offrir un programme d\u2019activit\u00e9s et de promotion du tango\u00a0 dans notre r\u00e9gion, en concertation avec des partenaires du milieu ou des invit\u00e9s de l\u2019ext\u00e9rieur (ma\u00eetres, troupe, festival).<\/li>\n<li>Maintenir un programme d\u2019aide aux \u00e9v\u00e8nements pour supporter les initiatives des \u00e9coles de tango ou d\u2019autres personnes organisatrices.<\/li>\n<li>Couvrir, par une assurance en responsabilit\u00e9 civile, toute activit\u00e9 int\u00e9rieure ou ext\u00e9rieure men\u00e9e avec nos membres ou le public.<\/li>\n<li>Publiciser une vari\u00e9t\u00e9 d\u2019activit\u00e9s de tango dans la r\u00e9gion et informer les membres et le public par divers modes (site <em>Web TQc<\/em>, calendrier, infolettres, groupe <em>Facebook<\/em>).<\/li>\n<li>Avoir acc\u00e8s \u00e0 des locaux de danse ou de pratique o\u00f9 seuls les organismes sans but lucratif peuvent tenir des activit\u00e9s sociales ou culturelles.<\/li>\n<li>Louer, acqu\u00e9rir et maintenir en bon \u00e9tat l\u2019\u00e9quipement audio et le mat\u00e9riel pour la tenue de milongas.<\/li>\n<li>R\u00e9tribuer des artistes, musiciens et DJ lors de certaines activit\u00e9s de tango.<\/li>\n<li>Faire en sorte que la communaut\u00e9 culturelle du tango \u00e0 Qu\u00e9bec soit agr\u00e9able, \u00e9thique, dynamique, ouverte, s\u00e9curitaire et vari\u00e9e.<\/li>\n<\/ul>\n<h2 id=\"devenir_membre\">Devenir membre de Tango Qu\u00e9bec<\/h2>\n<p>L\u2019association sans but lucratif <b><i>Tango Qu\u00e9bec <\/i><\/b>est principalement financ\u00e9e par la cotisation annuelle de ses membres, actuellement au montant de 30$. La carte de membre est valide du 1er octobre au 30 septembre de l\u2019ann\u00e9e suivante.<\/p>\n<p>Vous d\u00e9sirez vous joindre \u00e0 notre communaut\u00e9 !\u00a0 Rien de plus simple, voici trois fa\u00e7ons de se joindre \u00e0 notre communaut\u00e9, \u00e0 vous de choisir:<\/p>\n<ul>\n<li>Contactez-nous par courriel \u00e0 <a href=\"mailto:information@tangoquebec.org\">information@tangoquebec.org<\/a><\/li>\n<li>Parlez-en directement \u00e0 l\u2019un des membres du conseil ex\u00e9cutif.\u00a0 On a besoin de votre adresse courriel pour l\u2019abonnement \u00e0 nos courriels d\u2019information, ainsi que de votre code postal.<\/li>\n<li>Vous pouvez \u00e9galement compl\u00e9ter <strong><a style=\"font-size: revert;\" href=\"https:\/\/app.cyberimpact.com\/clients\/44614\/subscribe-forms\/A21E9E6C-187B-40C9-943D-DA121B620D3A\">le formulaire en ligne ici<\/a><\/strong><span style=\"font-size: revert; color: initial;\"><strong>.<\/strong> et nous faire parvenir un virement Interac (instructions au formulaire).<\/span><\/li>\n<\/ul>\n<h2 id=\"membres_honoraires\">Membres honoraires<\/h2>\n<p>Au fil des ans, plusieurs membres de Tango Qu\u00e9bec se sont illustr\u00e9s aupr\u00e8s de la communaut\u00e9.\u00a0 Nous d\u00e9sirons leur rendre hommage publiquement. D\u00e9couvrez leur parcours en cliquant ci-dessous.<\/p>\n<ul>\n<li><a href=\"https:\/\/tangoquebec.org\/wp-content\/uploads\/2023\/02\/HugoDenis.pdf\" target=\"_blank\" rel=\"noopener\">Monsieur Hugo Denis, nomination 2010<\/a><\/li>\n<li><a href=\"https:\/\/tangoquebec.org\/wp-content\/uploads\/2023\/10\/alexandrestewart.pdf\" target=\"_blank\" rel=\"noopener\">Monsieur Alexander Stewart, nomination 2014<\/a><\/li>\n<li><a href=\"https:\/\/tangoquebec.org\/wp-content\/uploads\/2023\/05\/Nancy-Lavoie.pdf\">Madame Nancy Lavoie, nomination 2019<\/a><\/li>\n<li><a href=\"https:\/\/tangoquebec.org\/wp-content\/uploads\/2023\/05\/Claude-Pierre-Antoine.pdf\">Monsieur Claude Pierre Antoine, nomination 2019<\/a><\/li>\n<li><a href=\"https:\/\/tangoquebec.org\/wp-content\/uploads\/2023\/02\/dianehainse.pdf\" target=\"_blank\" rel=\"noopener\">Madame Diane Hainse, nomination 2022<\/a><\/li>\n<li><a href=\"https:\/\/tangoquebec.org\/wp-content\/uploads\/2023\/10\/alainmercier.pdf\" target=\"_blank\" rel=\"noopener\">Monsieur Alain Mercier, nomination 2023<\/a><\/li>\n<li><a href=\"https:\/\/tangoquebec.org\/wp-content\/uploads\/2023\/10\/MONIQUE.pdf\" target=\"_blank\" rel=\"noopener\">Madame Monique Simard Caron, nomination 2023<\/a><\/li>\n<li><a href=\"https:\/\/tangoquebec.org\/wp-content\/uploads\/2025\/11\/Yves-Laframboise.pdf\">Monsieur Yves Laframboise, nomination 2025<\/a><\/li>\n<\/ul>\n<h2 id=\"documents_officiels\">Documents officiels<\/h2>\n<h3 id=\"programme_aide\">R\u00e8glements g\u00e9n\u00e9raux 2022-2027<\/h3>\n<p id=\"reglements\">Tango Qu\u00e9bec comme tout OBNL a des r\u00e8glements.\u00a0 Vous pouvez consulter les <a href=\"\/wp-content\/uploads\/2022\/10\/REGLEMENTS_TQC_2022-27.pdf\" target=\"_blank\" rel=\"noopener noreferrer\">R\u00e8glements g\u00e9n\u00e9raux 2022-2027.<\/a><\/p>\n<p>Le code d&rsquo;\u00e9thique des membres de <em><strong>Tango Qu\u00e9bec. <\/strong><\/em>(\u00e0 venir en 2026 et sera int\u00e9gr\u00e9 aux R\u00e8glements g\u00e9n\u00e9raux en 2027).<\/p>\n<h2 id=\"programme_aide\">Programme d&rsquo;aide aux \u00e9v\u00e8nements<\/h2>\n<p>Si vous planifiez un \u00e9v\u00e8nement qui pourrait b\u00e9n\u00e9ficier du support de Tango Qu\u00e9bec, vous pouvez consulter notre <a href=\"\/wp-content\/uploads\/2017\/10\/programme-daide-aux-evenements-2014-VF.pdf\" target=\"_blank\" rel=\"noopener noreferrer\">programme d&rsquo;aide aux \u00e9v\u00e8nements<\/a> et remplir le <a href=\"https:\/\/tangoquebec.org\/wp-content\/uploads\/2023\/01\/formulaire_demande_aide_2023.pdf\">formulaire de demande d&rsquo;aide.<\/a><\/p>\n<p>Depuis 2010, le programme d&rsquo;aide a contribu\u00e9 au succ\u00e8s d&rsquo;activit\u00e9s et \u00e9v\u00e9nements par un :<\/p>\n<ul>\n<li>soutien financier d&rsquo;environ 15 000$, dont 80% en moyenne ont favoris\u00e9 la participation des membres \u00e0 la danse;<\/li>\n<li>soutien logistique \u00e0 33 demandes d&rsquo;organisateurs (publicit\u00e9 ouverte, location de salle, \u00e9quipement de sonorisation, assurances, demande de permis, tapis, articles d\u00e9coratifs, accueil, etc.).<\/li>\n<\/ul>\n<div dir=\"ltr\">\n<div class=\"x_gmail_quote\">\n<div dir=\"auto\">\n<div dir=\"ltr\">\n<div dir=\"ltr\">\n<div class=\"x_gmail_quote\"><\/div>\n<\/div>\n<\/div>\n<\/div>\n<\/div>\n<\/div>\n<h3 id=\"promotion\">Programme de promotion<\/h3>\n<p>Le programme de promotion du tango dans la r\u00e9gion de Qu\u00e9bec a \u00e9t\u00e9 con\u00e7u de fa\u00e7on \u00e0 int\u00e9resser de nouveaux amateurs de cette danse par des initiations structur\u00e9es et des incitatifs pour s&rsquo;inscrire \u00e0 des cours dans certaines \u00e9coles puis participer aux soir\u00e9es de milonga organis\u00e9es fr\u00e9quemment. Ce programme a \u00e9t\u00e9 approuv\u00e9 lors de l&rsquo;Assembl\u00e9e g\u00e9n\u00e9rale annuelle d&rsquo;octobre 2023.\u00a0 En voici la <strong><a href=\"https:\/\/tangoquebec.org\/wp-content\/uploads\/2023\/10\/Programme-de-promotion-Vf-2023.pdf\" target=\"_blank\" rel=\"noopener\">description d\u00e9taill\u00e9e.<\/a><\/strong><\/p>\n<p>Faire une demande de s\u00e9ance d&rsquo;information du programme en nous \u00e9crivant \u00e0<strong> : <a href=\"mailto:information@tangoquebec.org?subject=Demande%20d'information\" target=\"_top\" rel=\"noopener\">information@tangoquebec.org<\/a>.<\/strong><\/p>\n","protected":false},"excerpt":{"rendered":"<p>Pourquoi devenir membre de Tango Qu\u00e9bec \u00catre membre de Tango Qu\u00e9bec, d\u2019abord et avant tout, c\u2019est s\u2019accorder les moyens de poursuivre la mission premi\u00e8re de l\u2019association, soit la promotion et le d\u00e9veloppement du\u00a0 tango dans la r\u00e9gion de Qu\u00e9bec. Aussi, concr\u00e8tement : \u00catre membre de Tango Qu\u00e9bec, c\u2019est obtenir certains avantages, comme: Acc\u00e9der en saison\u2026<\/p>\n","protected":false},"author":1,"featured_media":0,"parent":0,"menu_order":0,"comment_status":"closed","ping_status":"closed","template":"page-templates\/full-width.php","meta":{"footnotes":""},"class_list":["post-7956","page","type-page","status-publish","hentry"],"_links":{"self":[{"href":"https:\/\/tangoquebec.org\/index.php\/wp-json\/wp\/v2\/pages\/7956","targetHints":{"allow":["GET"]}}],"collection":[{"href":"https:\/\/tangoquebec.org\/index.php\/wp-json\/wp\/v2\/pages"}],"about":[{"href":"https:\/\/tangoquebec.org\/index.php\/wp-json\/wp\/v2\/types\/page"}],"author":[{"embeddable":true,"href":"https:\/\/tangoquebec.org\/index.php\/wp-json\/wp\/v2\/users\/1"}],"replies":[{"embeddable":true,"href":"https:\/\/tangoquebec.org\/index.php\/wp-json\/wp\/v2\/comments?post=7956"}],"version-history":[{"count":55,"href":"https:\/\/tangoquebec.org\/index.php\/wp-json\/wp\/v2\/pages\/7956\/revisions"}],"predecessor-version":[{"id":11693,"href":"https:\/\/tangoquebec.org\/index.php\/wp-json\/wp\/v2\/pages\/7956\/revisions\/11693"}],"wp:attachment":[{"href":"https:\/\/tangoquebec.org\/index.php\/wp-json\/wp\/v2\/media?parent=7956"}],"curies":[{"name":"wp","href":"https:\/\/api.w.org\/{rel}","templated":true}]}}