{"id":133,"date":"2017-09-29T22:27:37","date_gmt":"2017-09-30T02:27:37","guid":{"rendered":"http:\/\/frederic.one\/wordpress\/?page_id=133"},"modified":"2026-04-14T14:20:53","modified_gmt":"2026-04-14T18:20:53","slug":"contact","status":"publish","type":"page","link":"https:\/\/tangoquebec.org\/index.php\/contact\/","title":{"rendered":"Contact"},"content":{"rendered":"<h2>Contact par courriel<\/h2>\n<p>Pour une demande d&rsquo;information, pour un commentaire, pour devenir membre ou pour nous transmettre un communiqu\u00e9 sur les activit\u00e9s de votre \u00e9cole ou sur un \u00e9v\u00e9nement tango, \u00e9crivez-nous \u00e0<strong> <a href=\"mailto:information@tangoquebec.org?subject=Demande%20d'information\" target=\"_top\" rel=\"noopener\">information@tangoquebec.org<\/a>.<\/strong><br \/>\nToute demande d&rsquo;information ou commentaire soumis sera trait\u00e9 dans les plus brefs d\u00e9lais. Merci de communiquer avec nous!<\/p>\n<h2><strong>Nos infolettres (Info-Tango)<\/strong><\/h2>\n<p>Nous utilisons une liste de diffusion pour annoncer les publications d&rsquo;<em>Info-Tango<\/em>, de m\u00eame que pour communiquer certaines informations de derni\u00e8res minutes sur les activit\u00e9s de tango de la r\u00e9gion de Qu\u00e9bec. C&rsquo;est gratuit !<\/p>\n<p>Pour vous inscrire ou vous d\u00e9sinscrire, veuillez \u00e9crire \u00e0 <strong><a href=\"mailto:information@tangoquebec.org\" target=\"_top\" rel=\"noopener\">information@tangoquebec.org<\/a>. <\/strong><\/p>\n<p><strong>ou utiliser le formulaire suivant :\u00a0\u00a0<\/strong><a href=\"https:\/\/app.cyberimpact.com\/clients\/44614\/subscribe-forms\/2A3F7FF8-25CC-4827-B227-47942BA98BD6\"><strong>Compl\u00e9ter le formulaire en ligne<\/strong><\/a><\/p>\n<h2><strong>Devenir membre : <\/strong><\/h2>\n<ul>\n<li>Contactez-nous par courriel \u00e0 <a href=\"mailto:information@tangoquebec.org\">information@tangoquebec.org<\/a><\/li>\n<li>Parlez-en directement \u00e0 l\u2019un des membres du conseil ex\u00e9cutif.\u00a0 On a besoin de votre adresse courriel pour l\u2019abonnement \u00e0 nos courriels d\u2019information, ainsi que de votre code postal.<\/li>\n<li>Vous pouvez \u00e9galement compl\u00e9ter <strong><a style=\"font-size: revert;\" href=\"https:\/\/app.cyberimpact.com\/clients\/44614\/subscribe-forms\/A21E9E6C-187B-40C9-943D-DA121B620D3A\">le formulaire en ligne ici<\/a><\/strong><span style=\"font-size: revert; color: initial;\"><strong>.<\/strong> et nous faire parvenir un virement Interac (instructions au formulaire).<\/span><br \/>\n<h2><strong>M\u00e9dias sociaux<\/strong><\/h2>\n<p>Page officielle Facebook de Tango Qu\u00e9bec : <a href=\"https:\/\/www.facebook.com\/TangoQuebec.Org\" target=\"_blank\" rel=\"noopener\">Page Facebook<\/a><\/p>\n<p>Groupe Facebook Tango Qu\u00e9bec : <a href=\"https:\/\/www.facebook.com\/groups\/553365911736454\" target=\"_blank\" rel=\"noopener\">Groupe Facebook<\/a>.<\/p>\n","protected":false},"excerpt":{"rendered":"<p>Contact par courriel Pour une demande d&rsquo;information, pour un commentaire, pour devenir membre ou pour nous transmettre un communiqu\u00e9 sur les activit\u00e9s de votre \u00e9cole ou sur un \u00e9v\u00e9nement tango, \u00e9crivez-nous \u00e0 information@tangoquebec.org. Toute demande d&rsquo;information ou commentaire soumis sera trait\u00e9 dans les plus brefs d\u00e9lais. Merci de communiquer avec nous! Nos infolettres (Info-Tango) Nous\u2026<\/p>\n","protected":false},"author":1,"featured_media":0,"parent":0,"menu_order":0,"comment_status":"closed","ping_status":"closed","template":"","meta":{"footnotes":""},"class_list":["post-133","page","type-page","status-publish","hentry"],"_links":{"self":[{"href":"https:\/\/tangoquebec.org\/index.php\/wp-json\/wp\/v2\/pages\/133","targetHints":{"allow":["GET"]}}],"collection":[{"href":"https:\/\/tangoquebec.org\/index.php\/wp-json\/wp\/v2\/pages"}],"about":[{"href":"https:\/\/tangoquebec.org\/index.php\/wp-json\/wp\/v2\/types\/page"}],"author":[{"embeddable":true,"href":"https:\/\/tangoquebec.org\/index.php\/wp-json\/wp\/v2\/users\/1"}],"replies":[{"embeddable":true,"href":"https:\/\/tangoquebec.org\/index.php\/wp-json\/wp\/v2\/comments?post=133"}],"version-history":[{"count":30,"href":"https:\/\/tangoquebec.org\/index.php\/wp-json\/wp\/v2\/pages\/133\/revisions"}],"predecessor-version":[{"id":11786,"href":"https:\/\/tangoquebec.org\/index.php\/wp-json\/wp\/v2\/pages\/133\/revisions\/11786"}],"wp:attachment":[{"href":"https:\/\/tangoquebec.org\/index.php\/wp-json\/wp\/v2\/media?parent=133"}],"curies":[{"name":"wp","href":"https:\/\/api.w.org\/{rel}","templated":true}]}}