{"id":124,"date":"2017-09-29T22:24:01","date_gmt":"2017-09-30T02:24:01","guid":{"rendered":"http:\/\/frederic.one\/wordpress\/?page_id=124"},"modified":"2026-03-10T15:08:46","modified_gmt":"2026-03-10T19:08:46","slug":"ecoles","status":"publish","type":"page","link":"https:\/\/tangoquebec.org\/index.php\/ecoles\/","title":{"rendered":"Partenaires"},"content":{"rendered":"<h1 id=\"ecoles\">\u00c9coles partenaires de tango argentin de la grande r\u00e9gion de Qu\u00e9bec<\/h1>\n<p>Notre mission premi\u00e8re \u00e9tant la promotion du tango argentin dans la r\u00e9gion de Qu\u00e9bec, il est important que le grand public soit inform\u00e9 des endroits reconnus et recommand\u00e9s pour en faire la d\u00e9couverte et bien entendu en faire l\u2019apprentissage.<\/p>\n<p>Il est \u00e0 noter que les partenaires affich\u00e9s ici ne contribuent mon\u00e9tairement pas de mani\u00e8re sp\u00e9ciale pour cette visibilit\u00e9.\u00a0 <span data-olk-copy-source=\"MessageBody\">Cependant, les enseignants et organisateurs de tango se doivent<\/span> d&rsquo;\u00eatre membres en r\u00e8gle pour y \u00eatre affich\u00e9s.<\/p>\n<p><span data-olk-copy-source=\"MessageBody\">La plupart des membres partenaires m\u00e8nent b\u00e9n\u00e9volement des activit\u00e9s saisonni\u00e8res de tango et n&rsquo;op\u00e8rent pas dans leur propre local sur une base commerciale.<\/span><\/p>\n<div class=\"ecole\">\n<h2 id=\"passion\" class=\"with_background\">\u00c9cole Passion Tango<\/h2>\n<div class=\"ecole_coordonnees\">Organisateur : Claude Pierre-Antoine<\/div>\n<div class=\"ecole_coordonnees\">Enseignant : Claude Pierre-Antoine<\/div>\n<div class=\"ecole_coordonnees\">Adresse: L&rsquo;Escalera &#8211; 604, rue St-Vallier Ouest, Qu\u00e9bec<br \/>T\u00e9l\u00e9phone : 418-522-2295 Cell.: 581-980-4681<\/div>\n<div class=\"ecole_coordonnees\">Courriel: <a href=\"mailto:ecolepassiontango@gmail.com\">ecolepassiontango<\/a><br \/>Facebook : <a href=\"https:\/\/www.facebook.com\/escuelapassiontango\">https:\/\/www.facebook.com\/escuelapassiontango<\/a><\/div>\n<div class=\"ecole_description\">\n<p class=\"x_MsoNormal\">Le tango argentin \u00e0 la port\u00e9e de tous!\u00a0Promoteur de la m\u00e9thode r\u00e9volutionnaire ADAM depuis 2004, nous pr\u00e9conisons actuellement l\u2019application syst\u00e9matique des \u00e9l\u00e9ments techniques de base du tango, d\u00e8s le d\u00e9but des premiers cours, quitte \u00e0 ralentir l\u2019apprentissage au profit de la pr\u00e9cision.<\/p>\n<p class=\"x_MsoNormal\">Les\u00a0inscriptions\u00a0restent possibles\u00a0en tout temps, seul(e)\u00a0ou accompagn\u00e9(e)!\u00a0Nous continuons \u00e0 appliquer l\u2019approche personnalis\u00e9e. Pour l\u2019incorporation des techniques, nous proposons des exercices propres \u00e0 chaque nouvel(le) initi\u00e9(e)<\/p>\n<\/div>\n<div class=\"ecole_carte\">\u00a0<\/div>\n<\/div>\n<div class=\"ecole\">\n<h2 id=\"tangusto\" class=\"with_background\">Tangusto<\/h2>\n<div class=\"ecole_coordonnees\">Organisateurs : Stella Jordan et Bernard Daigle<\/div>\n<div class=\"ecole_coordonnees\">Enseignants : Stella Jordan et Bernard Daigle<\/div>\n<div class=\"ecole_coordonnees\">Adresse: 20, rue Jacinthe, Trois-Rivi\u00e8res \u00a0G8V 2M3<br \/>T\u00e9l\u00e9phone: 873-559-2254<\/div>\n<div class=\"ecole_coordonnees\">Courriel: <a href=\"mailto:tangusto@hotmail.com\">tangusto@hotmail.com<\/a><\/div>\n<div class=\"ecole_coordonnees\"><a href=\"https:\/\/www.facebook.com\/tangusto3r\/\" target=\"_blank\" rel=\"noopener noreferrer\"><img loading=\"lazy\" decoding=\"async\" width=\"29\" height=\"29\" class=\"size-full wp-image-351\" style=\"display: none !important;\" src=\"\/wp-content\/uploads\/2017\/10\/FB-f-Logo__blue_29.png\" \/><\/a><\/div>\n<div class=\"ecole_description\">Tangusto, c&rsquo;est le tango argentin \u00e0 Trois-Rivi\u00e8res!<br \/>Tangusto offre des cours priv\u00e9s et de groupe et organise des ateliers dans une salle magnifique au plancher de bois franc o\u00f9 r\u00e8gne toujours une ambiance conviviale et joyeuse.<br \/>Tangusto organise aussi une milonga bi-hebdomadaire. Un vendredi soir sur deux, d\u00e8s 19h30, vous serez accueillis chaleureusement au 20, rue Jacinthe. La milonga Tangusto est une soir\u00e9e amicale dans une salle magnifique o\u00f9 l&rsquo;on danse sur les meilleurs tangos, valses, milongas et pi\u00e8ces de tango nuevo et alternatif.<br \/>Pour obtenir de l&rsquo;information sur la soir\u00e9e ou sur les cours, <a href=\"mailto:tangusto@hotmail.com\">contactez Bernard ou Stella<\/a><\/div>\n<\/div>\n<div class=\"ecole_coordonnees\">\u00a0<\/div>\n<div>\u00a0<\/div>\n<div class=\"ecole\">\n<h2 id=\"tuyyotango\" class=\"with_background\">Tu y Yo Tango<\/h2>\n<div class=\"ecole_coordonnees\">Organisatrice : Genevi\u00e8ve Allard<\/div>\n<div class=\"ecole_coordonnees\">Enseignantes : Genevi\u00e8ve Allard, C\u00e9leste Bliss<\/div>\n<div class=\"ecole_coordonnees\">Adresse: Th\u00e9\u00e2tre P\u00e9riscope, 939 avenue de Salaberry, Qu\u00e9bec, Qc\u00a0 G1R 2V2 (Acc\u00e9dez par l&rsquo;avenue de Salaberry)<\/div>\n<div class=\"ecole_coordonnees\">Courriel: <a href=\"mailto:tuyyotango@gmail.com\" target=\"_blank\" rel=\"noopener\">tuyyotango@gmail.com<\/a><\/div>\n<div class=\"ecole_coordonnees\">Tel: 581-978-5011<\/div>\n<div style=\"padding-left: 40px;\"><span style=\"color: #808080;\">Facebook : <a href=\"https:\/\/www.facebook.com\/share\/1K72GvnE7B\/?mibextid=wwXIfr\">www.facebook.com<\/a><\/span><\/div>\n<div>\u00a0<\/div>\n<div style=\"padding-left: 40px;\"><span style=\"color: #808080;\">Quel que soit le niveau, les cours de T\u00fa y Yo Tango (Toi et Moi Tango) sont con\u00e7us pour offrir une exp\u00e9rience d&rsquo;apprentissage conviviale et stimulante. Nous vous invitons \u00e0 vous inscrire seul(e) ou en couple, pour des sessions compl\u00e8tes ou des cours \u00e0 la carte.<\/span><\/div>\n<div>\u00a0<\/div>\n<div style=\"padding-left: 40px;\"><span style=\"color: #808080;\">Nous organisons occasionnellement des ateliers avec des professeur(e)s invit\u00e9(e)s, des milongas (soir\u00e9es dansantes), et nous sommes disponibles pour des cours priv\u00e9s et des spectacles.<\/span><\/div>\n<div>\u00a0<\/div>\n<div style=\"padding-left: 40px;\"><span style=\"color: #808080;\">Contactez-nous \u00e0 l&rsquo;adresse courriel suivante : <a style=\"color: #808080;\" href=\"mailto:tuyyotango@gmail.com\" rel=\"noreferrer\">tuyyotango@gmail.com<\/a> ou via notre page Facebook pour plus d&rsquo;informations.<\/span><\/div>\n<div>\u00a0<\/div>\n<\/div>\n<div>\u00a0<\/div>\n<div class=\"ecole\">\n<div class=\"ecole\">\n<div>\n<h2 id=\"vivetango\" class=\"with_background\">Vive tango, le plaisir de danser \u00e0 deux<\/h2>\n<\/div>\n<div>\u00a0<\/div>\n<div class=\"ecole_coordonnees\">Organisatrice : Danielle Carpentier<\/div>\n<div class=\"ecole_coordonnees\">Enseignante : Danielle Carpentier<\/div>\n<div class=\"ecole_coordonnees\">Adresse: Maison pour la danse, 336 rue du Roi, Qu\u00e9bec G1K 2W5<br \/>Tel: 819-698-9863<\/div>\n<div class=\"ecole_coordonnees\"><a href=\"https:\/\/www.facebook.com\/Vive-Tango-116504286395551\/\">Facebook<\/a><\/div>\n<div class=\"ecole_coordonnees\"><a href=\"https:\/\/carpentierdanielle.wixsite.com\/vive-tango?fbclid=IwAR1rXp2zaAtROLCgpFldFkRrGmPOkbP4Gs5NwCQyCj6YDs0iWyd65lAtvgM\">Site Web de Vive Tango<\/a><br \/>Courriel: <a href=\"mailto:carpentierdanielle@hotmail.com\">carpentierdanielle@hotmail.com<\/a><\/div>\n<div>\u00a0<\/div>\n<div class=\"ecole_description\">\n<div class=\"v1elementToProof\">Dans une ambiance conviviale, Danielle Carpentier vous guide avec passion \u00e0 travers le tango argentin, pour d\u00e9velopper une danse \u00e9l\u00e9gante, personnelle et authentique.<\/div>\n<div class=\"v1elementToProof\">Seul(e) ou accompagn\u00e9(e), vous \u00eates les bienvenus.<\/div>\n<div>\u00a0<\/div>\n<div class=\"v1elementToProof\">Form\u00e9e professionnellement en danse contemporain et en tango argentin, Danielle Carpentier aborde la technique en vous faisant d\u00e9couvrir votre propre ressenti du mouvement afin que chacun d\u00e9veloppe son plein potentiel de danseur.<\/div>\n<div class=\"v1elementToProof\">Chez Vive Tango, vous allez d\u00e9couvrir comment vous approprier le langage du tango argentin afin de cr\u00e9er une danse qui vous est propre. Le plaisir de danser, d\u2019interpr\u00e9ter la musique et de s\u2019exprimer \u00e0 travers la danse est au c\u0153ur de son enseignement.<\/div>\n<\/div>\n<\/div>\n<\/div>\n<h2 id=\"neuville\" class=\"with_background\">Tango Neuville<\/h2>\n<div class=\"ecole_coordonnees\">Organisatrice : Karianne Vaillant<\/div>\n<div class=\"ecole_coordonnees\">Enseignante : Karianne Vaillant et invit\u00e9s<\/div>\n<div class=\"ecole_coordonnees\">Adresse: 151 rue des \u00celets, Neuville et 2323 avenue N\u00e9r\u00e9e-Tremblay, Qu\u00e9bec<br \/>Tel: 418-255-8109<\/div>\n<div class=\"ecole_coordonnees\">Courriel: <a href=\"mailto:milonga2025@hotmail.com\">milonga2025@hotmail.com<\/a><\/div>\n<div>\u00a0<\/div>\n<div><span style=\"font-size: revert; color: initial;\">Enseignante de danse sociale am\u00e9ricaine, certifi\u00e9e depuis 2012, Karianne Vaillant a eu la chance de participer \u00e0 divers stages en tant que danseuse professionnelle. Elle danse le tango argentin depuis 2008 et l&rsquo;a enseign\u00e9 \u00e0 l&rsquo;\u00e9cole de danse Arthur Murray durant quelques ann\u00e9es. Enseignant dynamique et ax\u00e9e sur la technique du tango, venez danser avec nous, seul(e) ou accompagn\u00e9(e).<\/span><\/div>\n<div class=\"ecole\">\n<div class=\"ecole\">\n<h1>\u00a0<\/h1>\n<h1 id=\"organisateurs\">Milongas de la grande r\u00e9gion de Qu\u00e9bec<\/h1>\n<p>Ils n&rsquo;enseignent peut-\u00eatre pas, mais ils sauront tout de m\u00eame vous faire danser! Voici une pr\u00e9sentation de quelques organisateurs de milongas de la grande r\u00e9gion de Qu\u00e9bec qui sont partenaires et membres de <em><strong>Tango Qu\u00e9bec<\/strong><\/em>.<\/p>\n<div class=\"ecole\">\n<h2 id=\"delsol\" class=\"with_background\">Milonga Del Sol<\/h2>\n<p>Th\u00e9\u00e2tre de l\u2019Auberge internationale, 19, rue Ste-Ursule (Vieux-Qu\u00e9bec).<br \/>Entr\u00e9e :15$ (sortie toujours gratuite), 15h-19h<br \/>Animateurs et choix musical: Serge et Margarita<\/p>\n<div>\u00a0<\/div>\n<h2 id=\"mariposas\" class=\"with_background\">Milonga Mariposas<\/h2>\n<div class=\"ecole_coordonnees\">Organisatrice : Diane Hainse<br \/><a href=\"http:\/\/www.mariposas-tango.com\">www.mariposas-tango.com<\/a><\/div>\n<div class=\"ecole_coordonnees\"><a href=\"https:\/\/www.facebook.com\/profile.php?id=100063676262131\">Facebook<\/a><br \/>Courriel: <a href=\"mailto:diane@mariposas-tango.com\">diane@mariposas-tango.com<\/a><\/div>\n<div>\u00a0<\/div>\n<div class=\"ecole_coordonnees\"><strong>Milonga\u00a0 Mariposas<\/strong> Adresse: <span style=\"font-size: revert; color: initial;\">855 Av. Holland, Qu\u00e9bec, QC G1S 3S5 (<\/span><span style=\"font-size: revert; color: initial;\">Petit Gymnase<b>)<\/b><\/span><\/div>\n<div>\u00a0<\/div>\n<div class=\"ecole_description\">Apr\u00e8s avoir organis\u00e9 le Festival de Tango de Qu\u00e9bec de 2011 \u00e0 2013 et avoir \u00e9t\u00e9 pr\u00e9sidente de l&rsquo;association Tango Qu\u00e9bec, Diane Hainse continue d&rsquo;organiser r\u00e9guli\u00e8rement des milongas depuis 2012.\u00a0 Depuis 2024, elle organise l&rsquo;Encuentro Mariposas \u00e0 Qu\u00e9bec. Consultez le <a href=\"\/index.php\/calendrier\/\">calendrier de Tango Qu\u00e9bec<\/a> pour conna\u00eetre les dates des milongas. Pour r\u00e9servations ou information, contactez <a href=\"mailto:diane@mariposas-tango.com\">Diane<\/a>.<\/div>\n<div class=\"ecole_carte\">\u00a0<\/div>\n<\/div>\n<div class=\"ecole\">\n<h2 id=\"janice\" class=\"with_background\">Milonguita de Mam&rsquo;zelle Janice<\/h2>\n<div class=\"ecole_coordonnees\">Organisatrice : Janice Wood<\/div>\n<div class=\"ecole_coordonnees\">Adresse: Salle Holy Trinity Church<br \/>31, rue des Jardins, Qc, Qc, G1R 4L6<\/div>\n<div class=\"ecole_coordonnees\">Courriel: <a href=\"https:\/\/tangoque.mywhc.ca:2096\/cpsess4172435204\/horde\/imp\/dynamic.php?page=message&amp;buid=376&amp;mailbox=SU5CT1g&amp;token=9CbC7lJwB0L2oDeBbFjR5RU&amp;uniq=1566397355673#\">pleaide1@hotmail.com<\/a><\/div>\n<div class=\"ecole_coordonnees\"><a href=\"https:\/\/www.facebook.com\/groups\/281051828712768\/\" target=\"_blank\" rel=\"noopener noreferrer\"><img loading=\"lazy\" decoding=\"async\" class=\"size-full wp-image-351\" style=\"display: none !important;\" src=\"\/wp-content\/uploads\/2017\/10\/FB-f-Logo__blue_29.png\" width=\"29\" height=\"29\" \/><\/a><\/div>\n<div class=\"ecole_description\">Passionn\u00e9e de tango et active dans la communaut\u00e9 depuis 9 ans, je vous propose une milonguita,\u00a0 dans une salle exceptionnelle et chaleureuse afin d\u2019assouvir votre d\u00e9sir de danser!<br \/>Consultez le <a href=\"\/index.php\/calendrier\/\">calendrier de Tango Qu\u00e9bec<\/a> pour conna\u00eetre les dates, endroits et heures des milongas.<\/div>\n<\/div>\n<div class=\"ecole\">\n<h2 id=\"estivale\" class=\"with_background\">Milonga estivale de Tango Qu\u00e9bec<\/h2>\n<div class=\"ecole_coordonnees\">Organisateur : Tango Qu\u00e9bec<\/div>\n<div class=\"ecole_coordonnees\">Milongas ext\u00e9rieures Place Fleur de Lys \u00e9t\u00e9 2021 \u00e0 l&rsquo;\u00e9t\u00e9 2025.<\/div>\n<\/div>\n<div class=\"ecole\">\n<h2 id=\"tarde\" class=\"with_background\">Milonga de la Tarde<\/h2>\n<div class=\"ecole_coordonnees\">Organisateurs : Hugo Denis, Christian Lemaire et V\u00e9ronique Boivin<\/div>\n<div class=\"ecole_coordonnees\">Adresse: 1360 boul. de l&rsquo;Entente, Qu\u00e9bec<\/div>\n<div>\u00a0<\/div>\n<div class=\"ecole_coordonnees\">La Milonga de la Tarde, la milonga dominicale diff\u00e9rente et chaleureuse. Pour votre plaisir! Consultez le <a href=\"\/index.php\/calendrier\/\">calendrier de Tango Qu\u00e9bec<\/a> pour conna\u00eetre les dates des milongas.<\/div>\n<\/div>\n<\/div>\n<\/div>\n<div>\n<h2 id=\"intima\" class=\"with_background\">Milonga Intima<\/h2>\n<div class=\"ecole_coordonnees\">Organisatrice : Karianne Vaillant<\/div>\n<div class=\"ecole_coordonnees\">\n<div class=\"v1elementToProof\">Milonga Intima 16h30 \u00e0 20h00. 10$<\/div>\n<div class=\"v1elementToProof\">Initiation au tango: 16h00 \u00e0 16h30 10$<\/div>\n<div class=\"v1elementToProof\">TDJ: Karianne Vaillant<\/div>\n<div class=\"v1elementToProof\">Adresse: Restaurant Basilico&rsquo;s 30 place de l&rsquo;\u00e9glise, Cap Sant\u00e9<\/div>\n<div>\u00a0<\/div>\n<p><span style=\"color: initial;\">Consultez le <\/span><a href=\"\/index.php\/calendrier\/\">calendrier de Tango Qu\u00e9bec<\/a><span style=\"color: initial;\"> pour conna\u00eetre les dates des milongas.\u00a0<\/span><\/p>\n<\/div>\n<\/div>\n<h2 id=\"picante\" class=\"with_background\">Milonga Picante<\/h2>\n<div class=\"ecole_coordonnees\">Organisateurs : Celeste Bliss et Andr\u00e9-Philippe DesRuisseaux<\/div>\n<div class=\"ecole_coordonnees\">\n<div class=\"v1elementToProof\">Milonga Picante<\/div>\n<div class=\"v1elementToProof\">TDJ: Celeste Bliss<\/div>\n<div class=\"v1elementToProof\">Adresse: Swing Ambassade, 333 de la Couronne, Qu\u00e9bec G1K6E7<\/div>\n<div>\u00a0<\/div>\n<p><span style=\"color: initial;\">Consultez le <\/span><a href=\"\/index.php\/calendrier\/\">calendrier de Tango Qu\u00e9bec<\/a><span style=\"color: initial;\"> pour conna\u00eetre les dates des milongas.\u00a0<\/span><\/p>\n<\/div>\n<p>\u00a0<\/p>\n\n<\/p>\n<p><\/p><!-- \/wp:post-content -->","protected":false},"excerpt":{"rendered":"<p>\u00c9coles partenaires de tango argentin de la grande r\u00e9gion de Qu\u00e9bec Notre mission premi\u00e8re \u00e9tant la promotion du tango argentin dans la r\u00e9gion de Qu\u00e9bec, il est important que le grand public soit inform\u00e9 des endroits reconnus et recommand\u00e9s pour en faire la d\u00e9couverte et bien entendu en faire l\u2019apprentissage. Il est \u00e0 noter que\u2026<\/p>\n","protected":false},"author":1,"featured_media":0,"parent":0,"menu_order":0,"comment_status":"closed","ping_status":"closed","template":"","meta":{"footnotes":""},"class_list":["post-124","page","type-page","status-publish","hentry"],"_links":{"self":[{"href":"https:\/\/tangoquebec.org\/index.php\/wp-json\/wp\/v2\/pages\/124","targetHints":{"allow":["GET"]}}],"collection":[{"href":"https:\/\/tangoquebec.org\/index.php\/wp-json\/wp\/v2\/pages"}],"about":[{"href":"https:\/\/tangoquebec.org\/index.php\/wp-json\/wp\/v2\/types\/page"}],"author":[{"embeddable":true,"href":"https:\/\/tangoquebec.org\/index.php\/wp-json\/wp\/v2\/users\/1"}],"replies":[{"embeddable":true,"href":"https:\/\/tangoquebec.org\/index.php\/wp-json\/wp\/v2\/comments?post=124"}],"version-history":[{"count":222,"href":"https:\/\/tangoquebec.org\/index.php\/wp-json\/wp\/v2\/pages\/124\/revisions"}],"predecessor-version":[{"id":11612,"href":"https:\/\/tangoquebec.org\/index.php\/wp-json\/wp\/v2\/pages\/124\/revisions\/11612"}],"wp:attachment":[{"href":"https:\/\/tangoquebec.org\/index.php\/wp-json\/wp\/v2\/media?parent=124"}],"curies":[{"name":"wp","href":"https:\/\/api.w.org\/{rel}","templated":true}]}}