{"id":11583,"date":"2026-03-06T15:44:22","date_gmt":"2026-03-06T20:44:22","guid":{"rendered":"https:\/\/tangoquebec.org\/?page_id=11583"},"modified":"2026-03-06T16:37:48","modified_gmt":"2026-03-06T21:37:48","slug":"evenements","status":"publish","type":"page","link":"https:\/\/tangoquebec.org\/index.php\/evenements\/","title":{"rendered":"\u00c9v\u00e9nements"},"content":{"rendered":"\n<p><\/p>\n\n\n\n<p><strong>Encuentro Mariposas<\/strong><\/p>\n\n\n\n<p><img loading=\"lazy\" decoding=\"async\" width=\"150\" height=\"67\" class=\"wp-image-11596\" style=\"width: 150px;\" src=\"https:\/\/tangoquebec.org\/wp-content\/uploads\/2026\/03\/logo_encuentro_2023-scaled.png\" alt=\"\" srcset=\"https:\/\/tangoquebec.org\/wp-content\/uploads\/2026\/03\/logo_encuentro_2023-scaled.png 2560w, https:\/\/tangoquebec.org\/wp-content\/uploads\/2026\/03\/logo_encuentro_2023-300x134.png 300w, https:\/\/tangoquebec.org\/wp-content\/uploads\/2026\/03\/logo_encuentro_2023-1024x458.png 1024w, https:\/\/tangoquebec.org\/wp-content\/uploads\/2026\/03\/logo_encuentro_2023-768x344.png 768w, https:\/\/tangoquebec.org\/wp-content\/uploads\/2026\/03\/logo_encuentro_2023-1536x688.png 1536w, https:\/\/tangoquebec.org\/wp-content\/uploads\/2026\/03\/logo_encuentro_2023-2048x917.png 2048w\" sizes=\"auto, (max-width: 150px) 100vw, 150px\" \/><\/p>\n\n\n\n<p>L&rsquo;Encuentro Mariposas pr\u00e9pare sa 3e \u00e9dition qui aura lieu du 9 au 12 octobre 2026 \u00e0 Qu\u00e9bec.<\/p>\n\n\n\n<p>Inscriptions d\u00e9butent le 1er juin 2026.<\/p>\n\n\n\n<p>Plus amples informations : <a href=\"https:\/\/www.mariposas-tango.com\/encuentro-mariposas-2026.html\" target=\"_blank\" rel=\"noreferrer noopener\">https:\/\/www.mariposas-tango.com\/encuentro-mariposas-2026.html<\/a><\/p>\n\n\n\n<p><\/p>\n","protected":false},"excerpt":{"rendered":"<p>Encuentro Mariposas L&rsquo;Encuentro Mariposas pr\u00e9pare sa 3e \u00e9dition qui aura lieu du 9 au 12 octobre 2026 \u00e0 Qu\u00e9bec. Inscriptions d\u00e9butent le 1er juin 2026. Plus amples informations : https:\/\/www.mariposas-tango.com\/encuentro-mariposas-2026.html<\/p>\n","protected":false},"author":5,"featured_media":0,"parent":0,"menu_order":0,"comment_status":"closed","ping_status":"closed","template":"","meta":{"footnotes":""},"class_list":["post-11583","page","type-page","status-publish","hentry"],"_links":{"self":[{"href":"https:\/\/tangoquebec.org\/index.php\/wp-json\/wp\/v2\/pages\/11583","targetHints":{"allow":["GET"]}}],"collection":[{"href":"https:\/\/tangoquebec.org\/index.php\/wp-json\/wp\/v2\/pages"}],"about":[{"href":"https:\/\/tangoquebec.org\/index.php\/wp-json\/wp\/v2\/types\/page"}],"author":[{"embeddable":true,"href":"https:\/\/tangoquebec.org\/index.php\/wp-json\/wp\/v2\/users\/5"}],"replies":[{"embeddable":true,"href":"https:\/\/tangoquebec.org\/index.php\/wp-json\/wp\/v2\/comments?post=11583"}],"version-history":[{"count":8,"href":"https:\/\/tangoquebec.org\/index.php\/wp-json\/wp\/v2\/pages\/11583\/revisions"}],"predecessor-version":[{"id":11598,"href":"https:\/\/tangoquebec.org\/index.php\/wp-json\/wp\/v2\/pages\/11583\/revisions\/11598"}],"wp:attachment":[{"href":"https:\/\/tangoquebec.org\/index.php\/wp-json\/wp\/v2\/media?parent=11583"}],"curies":[{"name":"wp","href":"https:\/\/api.w.org\/{rel}","templated":true}]}}