{"id":105,"date":"2017-09-28T20:01:28","date_gmt":"2017-09-29T00:01:28","guid":{"rendered":"http:\/\/frederic.one\/wordpress\/?page_id=105"},"modified":"2026-03-25T20:45:18","modified_gmt":"2026-03-26T00:45:18","slug":"accueil","status":"publish","type":"page","link":"https:\/\/tangoquebec.org\/","title":{"rendered":"Accueil"},"content":{"rendered":"<div style=\"font-size: 200%; font-weight: bolder;\" align=\"center\">Promouvoir le tango argentin : notre fiert\u00e9 depuis 1999 !<\/div>\n<div align=\"center\">\u00a0<\/div>\n<h2 id=\"apropos\">Qui sommes-nous?<\/h2>\n<p><strong><em>Tango Qu\u00e9bec<\/em><\/strong> est une association fond\u00e9e en 1999 gr\u00e2ce aux efforts d\u2019amoureux du tango et qui est enregistr\u00e9e comme organisme sans but lucratif \u00a0(OBNL). <strong><em>Tango Qu\u00e9bec<\/em><\/strong> a pour mission la promotion du tango \u00e0 la fois comme danse et comme ph\u00e9nom\u00e8ne culturel international.\u00a0 <em><strong>Tango Qu\u00e9bec<\/strong> <\/em>est donc un regroupement de danseurs et de danseuses de tango qui poursuit sa mission \u00e0 des fins purement artistiques sans intention de gain p\u00e9cuniaire pour ses membres; il ne s&rsquo;agit pas d&rsquo;une troupe, d&rsquo;une \u00e9cole ni d&rsquo;un promoteur ou d&rsquo;une agence d&rsquo;artistes.\u00a0 Toutefois, l&rsquo;association r\u00e9pond avec plaisir aux sollicitations afin que des membres b\u00e9n\u00e9voles participent \u00e0 des \u00e9v\u00e9nements socioculturels ou priv\u00e9s.<\/p>\n<p>Son programme de promotion inclut des s\u00e9ances d&rsquo;information et des initiations gratuites au tango ainsi que des capsules d&rsquo;information sur divers aspects du tango.\u00a0 Consultez notre page <strong><em><a href=\"https:\/\/tangoquebec.org\/index.php\/decouvrir\/\">D\u00e9couvrir<\/a><\/em><\/strong>\u00a0pour de plus amples renseignements.<\/p>\n<p>En plus d\u2019encourager la pratique du tango par l\u2019organisation de soir\u00e9es dansantes, appel\u00e9es milongas, <em><strong>Tango Qu\u00e9bec<\/strong><\/em> tient la communaut\u00e9 inform\u00e9e des activit\u00e9s reli\u00e9es au tango par le biais de son bulletin <a href=\"https:\/\/tangoquebec.org\/index.php\/nouvelles\/\"><strong><em>Info-Tango<\/em><\/strong><\/a> et \u00e0 son <em><strong><a href=\"https:\/\/tangoquebec.org\/index.php\/calendrier\/\">calendrier<\/a><\/strong><\/em> o\u00f9 sont pr\u00e9sent\u00e9es les activit\u00e9s p\u00e9dagogiques (formations offertes dans les diff\u00e9rentes \u00e9coles), cr\u00e9atives (spectacles) et r\u00e9cr\u00e9atives (<em>milongas<\/em> et <em>practicas<\/em>) dans la grande r\u00e9gion de Qu\u00e9bec.<\/p>\n<p>Pour r\u00e9aliser ses activit\u00e9s, <em><strong>Tango Qu\u00e9bec<\/strong> <\/em>a comme principale source de financement la vente de cartes de membre annuelles.\u00a0 Quelques autres sources de revenus viennent aider, tel que les tarifs d\u2019entr\u00e9e \u00e0 des bals et soir\u00e9es, des milongas estivales et des practicas organis\u00e9es par Tango Qu\u00e9bec.<\/p>\n<p>La promotion est r\u00e9alis\u00e9e gr\u00e2ce \u00e0 diff\u00e9rentes activit\u00e9s :<\/p>\n<ul>\n<li>L\u2019organisation de soir\u00e9es dansantes (milongas) par TQc;<\/li>\n<li><b><i>Le P<\/i><\/b><b><i>rogramme d\u2019aide aux \u00e9v\u00e9nements <\/i><\/b><b><i><\/i><\/b>pour le support logistique ou financier \u00e0 la r\u00e9alisation d\u2019\u00e9v\u00e9nements de toute envergure;<\/li>\n<li>Le <em><strong>P<\/strong><\/em><b><i><strong>r<\/strong>ogramme de promotion <\/i><\/b>incluant des s\u00e9ances d\u2019information et des initiations gratuites au tango ainsi que des capsules d\u2019information sur divers aspects du tango argentin ;<\/li>\n<li>Des d\u00e9monstrations dans des lieux publics, telles que des f\u00eates de quartier durant la saison estivale;<\/li>\n<li>Une pr\u00e9sence sur les r\u00e9seaux sociaux (page &amp; groupe Facebook tous deux avec environ un millier d&rsquo;abonn\u00e9s chacun);<\/li>\n<li>Des infolettres r\u00e9guli\u00e8res lors de la parution de l&rsquo;<b><i><a href=\"https:\/\/tangoquebec.org\/index.php\/nouvelles\/\">Info-Tango<\/a><\/i><\/b>\u00a0 diffus\u00e9es aux membres et aux abonn\u00e9s, ainsi que sur le site Web grand public;<\/li>\n<li>Une visibilit\u00e9 accrue pour des activit\u00e9s li\u00e9es au tango offertes par nos membres et partenaires reconnus en les publicisant aupr\u00e8s du grand public et en tenant \u00e0 jour un calendrier permettant de pr\u00e9senter la diversit\u00e9 des occasions de danser, plusieurs fois par semaine, tout en \u00e9vitant les d\u00e9doublements.<\/li>\n<\/ul>\n<h3 id=\"executif\">Le conseil d&rsquo;administration 2025-2026<\/h3>\n<p>Pour l&rsquo;ann\u00e9e 2025-2026, le conseil d&rsquo;administration b\u00e9n\u00e9vole de <em><strong>Tango Qu\u00e9bec<\/strong><\/em> est compos\u00e9 des administrateurs suivants :<\/p>\n<ul>\n<li>Claire Paradis, pr\u00e9sidente<\/li>\n<li>Michel Lefran\u00e7ois, secr\u00e9taire<\/li>\n<li>Linda Genest, tr\u00e9sori\u00e8re<\/li>\n<li>Diane Lemay, responsable des communications<\/li>\n<li>Poste vacant, registraire<\/li>\n<\/ul>\n<p>\u00a0<\/p>\n<p>Diane Hainse, webmestre officiel, b\u00e9n\u00e9vole et non membre du CA.<\/p>\n\n\n<div class=\"wp-block-columns is-layout-flex wp-container-core-columns-is-layout-9d6595d7 wp-block-columns-is-layout-flex\">\n<div class=\"wp-block-column is-vertically-aligned-top is-layout-flow wp-block-column-is-layout-flow\" style=\"flex-basis:100%\"><\/div>\n<\/div>\n\n\n\n<p><\/p>\n","protected":false},"excerpt":{"rendered":"<p>Promouvoir le tango argentin : notre fiert\u00e9 depuis 1999 ! \u00a0 Qui sommes-nous? Tango Qu\u00e9bec est une association fond\u00e9e en 1999 gr\u00e2ce aux efforts d\u2019amoureux du tango et qui est enregistr\u00e9e comme organisme sans but lucratif \u00a0(OBNL). Tango Qu\u00e9bec a pour mission la promotion du tango \u00e0 la fois comme danse et comme ph\u00e9nom\u00e8ne culturel\u2026<\/p>\n","protected":false},"author":1,"featured_media":0,"parent":0,"menu_order":0,"comment_status":"closed","ping_status":"closed","template":"page-templates\/full-width.php","meta":{"footnotes":""},"class_list":["post-105","page","type-page","status-publish","hentry"],"_links":{"self":[{"href":"https:\/\/tangoquebec.org\/index.php\/wp-json\/wp\/v2\/pages\/105","targetHints":{"allow":["GET"]}}],"collection":[{"href":"https:\/\/tangoquebec.org\/index.php\/wp-json\/wp\/v2\/pages"}],"about":[{"href":"https:\/\/tangoquebec.org\/index.php\/wp-json\/wp\/v2\/types\/page"}],"author":[{"embeddable":true,"href":"https:\/\/tangoquebec.org\/index.php\/wp-json\/wp\/v2\/users\/1"}],"replies":[{"embeddable":true,"href":"https:\/\/tangoquebec.org\/index.php\/wp-json\/wp\/v2\/comments?post=105"}],"version-history":[{"count":120,"href":"https:\/\/tangoquebec.org\/index.php\/wp-json\/wp\/v2\/pages\/105\/revisions"}],"predecessor-version":[{"id":11746,"href":"https:\/\/tangoquebec.org\/index.php\/wp-json\/wp\/v2\/pages\/105\/revisions\/11746"}],"wp:attachment":[{"href":"https:\/\/tangoquebec.org\/index.php\/wp-json\/wp\/v2\/media?parent=105"}],"curies":[{"name":"wp","href":"https:\/\/api.w.org\/{rel}","templated":true}]}}